{"id":53,"date":"2015-08-10T08:47:36","date_gmt":"2015-08-10T14:47:36","guid":{"rendered":"http:\/\/lke.cs.buap.mx\/?page_id=53"},"modified":"2021-11-15T22:00:19","modified_gmt":"2021-11-16T04:00:19","slug":"committee","status":"publish","type":"page","link":"https:\/\/lke.buap.mx\/2021\/index.php\/committee\/","title":{"rendered":"Organizers"},"content":{"rendered":"<h2>Organizing Committee<\/h2>\n<ul>\n<li>David Eduardo Pinto Avenda\u00f1o, Benem\u00e9rita Universidad Aut\u00f3noma de Puebla, Mexico<strong> (General Chair)<\/strong><\/li>\n<li>Darnes Vilari\u00f1o Ayala, Benem\u00e9rita Universidad Aut\u00f3noma de Puebla, Mexico\u00a0 <strong>(Chair)<\/strong><\/li>\n<li>Grigori Sidorov, CIC-INP<strong>(Chair)<\/strong><\/li>\n<li>Mar\u00eda Josefa Somodevilla Garc\u00eda, Benem\u00e9rita Universidad Aut\u00f3noma de Puebla,\u00a0Mexico<\/li>\n<li>Claudia Zepeda Cort\u00e9s, Benem\u00e9rita Universidad Aut\u00f3noma de Puebla, Mexico<\/li>\n<li>Hilda Castillo Zacatelco, Benem\u00e9rita Universidad Aut\u00f3noma de Puebla, Mexico<\/li>\n<li>Juan Manuel Gonz\u00e1lez Calleros, Benem\u00e9rita Universidad Aut\u00f3noma de Puebla, Mexico<\/li>\n<li>Josefina Guerrero Garc\u00eda, Benem\u00e9rita Universidad Aut\u00f3noma de Puebla, Mexico<\/li>\n<li>Jos\u00e9 Luis Carballido Carranza, Benem\u00e9rita Universidad Aut\u00f3noma de Puebla,Mexico<\/li>\n<li>Jos\u00e9 Andr\u00e9s V\u00e1zquez Flores, Benem\u00e9rita Universidad Aut\u00f3noma de Puebla, Mexico<\/li>\n<li>Beatriz Beltr\u00e1n Mart\u00ednez, Benem\u00e9rita Universidad Aut\u00f3noma de Puebla,\u00a0Mexico<\/li>\n<li>Rodolfo Alberto Mart\u00ednez Torres, Benem\u00e9rita Universidad Aut\u00f3noma de Puebla,\u00a0Mexico<\/li>\n<\/ul>\n<h2>Program Committee<\/h2>\n<ul>\n<li>Irene Olaya Ayaquica Mart\u00ed\u00adnez, Benem\u00e9rita Universidad Aut\u00f3noma de Puebla, Mexico<\/li>\n<li>Iv\u00e1n Olmos Pineda, Benem\u00e9rita Universidad Aut\u00f3noma de Puebla, Mexico<\/li>\n<li>Ivo Pineda Torres, Benem\u00e9rita Universidad Aut\u00f3noma de Puebla, Mexico<\/li>\n<li>Gerardo Mart\u00ednez Guzman, Benem\u00e9rita Universidad Aut\u00f3noma de Puebla, Mexico<\/li>\n<li>Guillermo De Ita Luna, Benem\u00e9rita Universidad Aut\u00f3noma de Puebla, Mexico<\/li>\n<li>Jos\u00e9 Arturo Olvera L\u00f3pez, Benem\u00e9rita Universidad Aut\u00f3noma de Puebla, Mexico<\/li>\n<li>Meliza Contreras Gonz\u00e1lez, Benem\u00e9rita Universidad Aut\u00f3noma de Puebla, Mexico<\/li>\n<li>Rafael Lemuz L\u00f3pez, Benem\u00e9rita Universidad Aut\u00f3noma de Puebla, Mexico<\/li>\n<\/ul>\n<p><strong><!--\n\n\n<h2>Local Staff<\/h2>\n\n\n\n\n<ul>\n \t\n\n<li><strong>Y<\/strong>esenia <strong>G<\/strong>onz\u00e1lez. <strong>Language &amp; Knowledge Engineering Lab., BUAP, Mexico<\/strong><\/li>\n\n\n \t\n\n<li><strong>A<\/strong>na <strong>L<\/strong>uisa <strong>B<\/strong>allinas.\u00a0<strong>Language &amp; Knowledge Engineering Lab., BUAP, Mexico<\/strong><\/li>\n\n\n \t\n\n<li><strong>B<\/strong>lanca <strong>N<\/strong>ydia <strong>P<\/strong>\u00e9rez. <strong>Language &amp; Knowledge Engineering Lab., BUAP, Mexico<\/strong><\/li>\n\n\n \t\n\n<li><strong>M<\/strong>eliza <strong>C<\/strong>ontreras. <strong>Language &amp; Knowledge Engineering Lab., BUAP, Mexico<\/strong><\/li>\n\n\n \t\n\n<li><strong>A<\/strong>lfredo <strong>G<\/strong>arc\u00eda. <strong>Language &amp; Knowledge Engineering Lab., BUAP, Mexico<\/strong><\/li>\n\n\n \t\n\n<li><strong>R<\/strong>ab\u00ed <strong>S<\/strong>oto. <strong>Language &amp; Knowledge Engineering Lab., BUAP, Mexico<\/strong><\/li>\n\n\n \t\n\n<li><strong>J<\/strong>aime <strong>D<\/strong>\u00edaz. <strong>Language &amp; Knowledge Engineering Lab., BUAP, Mexico<\/strong><\/li>\n\n\n \t\n\n<li><strong>M<\/strong>iguel <strong>R<\/strong>odr\u00edguez. <strong>Language &amp; Knowledge Engineering Lab., BUAP, Mexico<\/strong><\/li>\n\n\n \t\n\n<li><strong>P<\/strong>edro <strong>B<\/strong>ello. <strong>Language &amp; Knowledge Engineering Lab., BUAP, Mexico<\/strong><\/li>\n\n\n \t\n\n<li><b>O<\/b>rlando<b>\u00a0R<\/b>amos<b>\u00a0F<\/b>lores.\u00a0<strong>Benem\u00e9rita Universidad Aut\u00f3noma de Puebla<\/strong><\/li>\n\n\n \t\n\n<li><strong>D<\/strong>arina <strong>L<\/strong>ilu\u00a0<strong>D<\/strong>e <strong>I<\/strong>ta\u00a0<strong>H<\/strong>ern\u00e1ndez.\u00a0<strong>Benem\u00e9rita Universidad Aut\u00f3noma de Puebla<\/strong><\/li>\n\n\n \t\n\n<li><strong>N<\/strong>aerobi <strong>E<\/strong>sther <strong>S<\/strong>\u00e1nchez <strong>R<\/strong>odr\u00edguez.\u00a0<strong>Benem\u00e9rita Universidad Aut\u00f3noma de Puebla<\/strong><\/li>\n\n\n \t\n\n<li><strong>M<\/strong>onserrat <strong>C<\/strong>arvajal <strong>M<\/strong>oreno.\u00a0<strong>Benem\u00e9rita Universidad Aut\u00f3noma de Puebla<\/strong><\/li>\n\n\n \t\n\n<li><strong>E<\/strong>lia <strong>T<\/strong>ecotl <strong>A<\/strong>guilar.\u00a0<strong>Benem\u00e9rita Universidad Aut\u00f3noma de Puebla<\/strong><\/li>\n\n\n \t\n\n<li><strong>E<\/strong>nrique <strong>E<\/strong>spinoza <strong>M<\/strong>onrroy.\u00a0<strong>Benem\u00e9rita Universidad Aut\u00f3noma de Puebla<\/strong><\/li>\n\n\n \t\n\n<li><strong>M<\/strong>ary <strong>C<\/strong>ruz <strong>P<\/strong>alalia <strong>M<\/strong>orales.\u00a0<strong>Benem\u00e9rita Universidad Aut\u00f3noma de Puebla<\/strong><\/li>\n\n\n<\/ul>\n\n\n\n\n<h2>External Committee<\/h2>\n\n\n\n\n<ul>\n \t\n\n<li><strong>M<\/strong>anuel <strong>V<\/strong>ilares <strong>F<\/strong>erro. <strong>Higher Technical School of Computer Engineering,\u00a0University of Vigo, Spain<\/strong><\/li>\n\n\n \t\n\n<li><strong>F<\/strong>ernando\u00a0<strong>P<\/strong>\u00e9rez\u00a0<strong>T<\/strong>\u00e9llez<strong>. Department of Computing,\u00a0Institute of Technology Tallaght, Ireland<\/strong><\/li>\n\n\n \t\n\n<li><strong>G<\/strong>uillermo <strong>M<\/strong>orales-<strong>L<\/strong>una<strong>.\u00a0Computer Science,\u00a0CINVESTAV-IPN, Mexico<\/strong><\/li>\n\n\n \t\n\n<li><strong>M<\/strong>aria-del-<strong>P<\/strong>ilar <strong>P<\/strong>ozos-<strong>P<\/strong>arra<strong>. Universidad Ju\u00e1rez Aut\u00f3noma de Tabasco. Mexico<\/strong><\/li>\n\n\n \t\n\n<li><span class=\"gD\" data-hovercard-id=\"philipp.schaer@th-koeln.de\"><strong>P<\/strong>hilipp <strong>S<\/strong>chaer<strong>.\u00a0Institute of Information Science, TH K\u00f6ln (University of Applied Sciences), Germany<\/strong><\/span><\/li>\n\n\n \t\n\n<li><strong>K<\/strong>okil <strong>J<\/strong>aidka<strong>. University of Pennsylvania\u00a0, Philadelphia. USA<\/strong><\/li>\n\n\n \t\n\n<li><strong>L<\/strong>eonardo <strong>Z<\/strong>ilio<strong>.\u00a0Universit\u00e9 catholique de Louvain, Belgium<\/strong><\/li>\n\n\n \t\n\n<li><strong>A<\/strong>lexandre <strong>T<\/strong>adeu <strong>S<\/strong>alle<strong>.\u00a0Universidade Federal do Rio Grande do Sul (UFRGS), Brasil<\/strong><\/li>\n\n\n \t\n\n<li><strong>M<\/strong>aria <strong>J<\/strong>os\u00e9 <strong>B. F<\/strong>inatto<strong>.\u00a0Universidade Federal do Rio Grande do Sul, Deparatmento de Lingu\u00edstica, Filologia e teoria Liter\u00e1ria, Brasil<\/strong><\/li>\n\n\n \t\n\n<li><strong>M<\/strong>uthu <strong>K<\/strong>umar <strong>Ch<\/strong>andrasekaran<strong>.\u00a0School of Computing, National University of Singapore (NUS)<\/strong><\/li>\n\n\n \t\n\n<li><strong>T<\/strong>hiago <strong>A. S. P<\/strong>ardo<strong>.\u00a0University of S\u00e3o Paulo, Brasil<\/strong><\/li>\n\n\n \t\n\n<li><strong>R<\/strong>odrigo <strong>S<\/strong>ouza <strong>W<\/strong>ilkens<strong>.\u00a0Centre de traitement automatique du langage (CENTAL), Universit\u00e9 catholique de Louvain, Belgium<\/strong><\/li>\n\n\n \t\n\n<li><strong>S<\/strong>ilvio <strong>R<\/strong>icardo <strong>C<\/strong>ordeiro<strong>.\u00a0Departamento de Inform\u00e1tica Te\u00f3rica, Universidade Federal do Rio Grande do Sul, Brasil<\/strong><\/li>\n\n\n \t\n\n<li><strong>D<\/strong>avide <strong>B<\/strong>uscaldi.\u00a0<strong>Laboratoire d'informatique de Paris Nord, Universit\u00e9 Paris 13, France<\/strong><\/li>\n\n\n \t\n\n<li><strong>J<\/strong>uan<strong> <strong>M<\/strong><\/strong>anuel<strong> <strong>T<\/strong><\/strong>orres<strong> <strong>M<\/strong><\/strong>oreno<strong>.\u00a0<strong>Laboratoire Informatique d'Avignon\u00a0<a href=\"http:\/\/www.lia.univ-avignon.fr\/\">LIA<\/a>, Francia<\/strong><\/strong><\/li>\n\n\n \t\n\n<li><strong>C<\/strong>esar <strong>A<\/strong>ntonio <strong>A<\/strong>guilar.\u00a0<strong>Departamento de Ciencias del Lenguaje, Pontificia Universidad Cat\u00f3lica de Chile<\/strong><\/li>\n\n\n \t\n\n<li><strong>P<\/strong>aolo <strong>R<\/strong>osso.\u00a0<strong><a href=\"https:\/\/www.prhlt.upv.es\/\" target=\"_top\" rel=\"noopener\">Pattern Recognition and Human Language Technologies (PRHLT) Research Center<\/a>, Universitat Polit\u00e9cnica de Val\u00e9ncia, Spain<\/strong><\/li>\n\n\n \t\n\n<li><strong>L<\/strong>aura <strong>A<\/strong>lonso <strong>A<\/strong>lemany.\u00a0<strong><a href=\"http:\/\/www.cs.famaf.unc.edu.ar\/~pln\">Natural Language Processing Group<\/a>, Universidad de C\u00f3rdoba, Argentina<\/strong><\/li>\n\n\n \t\n\n<li><strong>J<\/strong>orge <strong>G<\/strong>arcia <strong>F<\/strong>lores. <strong>Laboratoire d'informatique de Paris Nord<\/strong><strong>, Universit\u00e9 Paris 13, France<\/strong><\/li>\n\n\n \t\n\n<li><strong>R<\/strong>ajiv <strong>R<\/strong>atn <strong>S<\/strong>hah.\u00a0<strong>Indraprastha Institute of Information Technology (IIIT-Delhi), India.<\/strong><\/li>\n\n\n \t\n\n<li><strong>S<\/strong>oujanya <strong>P<\/strong>oria.\u00a0<strong>Nanyang\u00a0Technological\u00a0Universi<wbr \/>ty, Singapore<\/strong><\/li>\n\n\n \t\n\n<li><strong>R<\/strong>ajiv <strong>B<\/strong>ajpai.\u00a0<strong>Nanyang\u00a0Technological\u00a0Universi<wbr \/>ty, Singapore<\/strong><\/li>\n\n\n \t\n\n<li><strong>A<\/strong>sif <strong>E<\/strong>kbal.\u00a0<strong>IIT Patna, India<\/strong><\/li>\n\n\n \t\n\n<li><strong>S<\/strong>riparna <strong>S<\/strong>aha.\u00a0<strong>IIT Patna, India<\/strong><\/li>\n\n\n \t\n\n<li><strong>R<\/strong>ajeev <strong>S<\/strong>rivastava.\u00a0<strong>IIT(BHU), India<\/strong><\/li>\n\n\n \t\n\n<li><strong>R R T<\/strong>ewari.\u00a0<strong>University of Allahabad, India<\/strong><\/li>\n\n\n \t\n\n<li><strong>T J S<\/strong>iddiqui.\u00a0<strong>University of Allahabad, India<\/strong><\/li>\n\n\n \t\n\n<li><strong>M<\/strong>anoj <strong>K<\/strong>umar <strong>S<\/strong>ingh.\u00a0<strong>BHU, India<\/strong><\/li>\n\n\n \t\n\n<li><strong>D<\/strong>ebanjan <strong>M<\/strong>ahata.\u00a0<strong>Indraprastha Institute of Information Technology (IIIT-Delhi), India.<\/strong><\/li>\n\n\n \t\n\n<li><strong>A<\/strong>zucena <strong>R<\/strong>end\u00f3n <strong>M<\/strong>ontes. <strong>Instituto Tecnol\u00f3gico de M\u00e9xico<\/strong><strong>, M\u00e9xico<\/strong><\/li>\n\n\n \t\n\n<li><b>A<\/b>ngeles<b>\u00a0B<\/b>elem<b>\u00a0P<\/b>riego<b>\u00a0S<\/b>\u00e1nchez. <strong>Universidad Aut\u00f3noma Metropolitana,\u00a0M\u00e9xico<\/strong><\/li>\n\n\n \t\n\n<li><strong>H<\/strong>elena <strong>G<\/strong>\u00f3mez <strong>A<\/strong>dorno. <strong>Centro de Investigaci\u00f3n en Computaci\u00f3n (CIC), M\u00e9xico<\/strong><\/li>\n\n\n \t\n\n<li><strong>E<\/strong>sa\u00fa\u00a0<strong>V<\/strong>illatoro <strong>T<\/strong>ello.\u00a0<strong>Grupo de Lenguaje y Razonamiento, Departamento de Tecnolog\u00edas de la Informaci\u00f3n, UAM-Cuajimalpa<\/strong><\/li>\n\n\n \t\n\n<li><strong>H<\/strong>\u00e9ctor<strong> J<\/strong>im\u00e9nez<strong> S<\/strong>alazar.<strong> Grupo de Lenguaje y Razonamiento, Departamento de Tecnolog\u00ed\u00adas de la Informaci\u00f3n, UAM-Cuajimalpa<\/strong><\/li>\n\n\n \t\n\n<li><strong>L<\/strong>uis <strong>V<\/strong>illase\u00f1or <strong>P<\/strong>ineda. <strong>Instituto Nacional de Astrof\u00ed\u00adsica, \u00d3ptica y Electr\u00f3nica, Mexico<\/strong><\/li>\n\n\n \t\n\n<li><strong>M<\/strong>anuel <strong>M<\/strong>ontes Y <strong>G<\/strong>\u00f3mez. <strong>Instituto Nacional de Astrof\u00ed\u00adsica, \u00d3ptica y Electr\u00f3nica<\/strong><strong>, Mexico<\/strong><\/li>\n\n\n \t\n\n<li><strong>H<\/strong>iram <strong>C<\/strong>alvo. <strong>Laboratorio de Inteligencia Artificial. Centro de Investigaci\u00f3n en Computaci\u00f3n (CIC), M\u00e9xico<\/strong><\/li>\n\n\n \t\n\n<li><strong>R<\/strong>afael <strong>G<\/strong>uzm\u00e1n <strong>C<\/strong>abrera. <strong>Universidad de Guanajuato, M\u00e9xico<\/strong><\/li>\n\n\n \t\n\n<li><strong>G<\/strong>erardo <strong>S<\/strong>ierra <strong>M<\/strong>art\u00ed\u00adnez.\u00a0<strong>Grupo de Ingenier\u00ed\u00ada Ling\u00fcistica (GIL),\u00a0<\/strong><strong>Instituto de Ingenier\u00eda, UNAM, M\u00e9xico<\/strong><\/li>\n\n\n \t\n\n<li><strong>A<\/strong>lexander <strong>G<\/strong>elbukh.\u00a0<strong>Centro de Investigaci\u00f3n en Computaci\u00f3n (CIC), M\u00e9xico<\/strong><\/li>\n\n\n \t\n\n<li><strong>I<\/strong>v\u00e1n <strong>V<\/strong>ladimir. <strong><strong>Departamento de Ciencias de la Computaci\u00f3n, IIMAS, UNAM, Mexico<\/strong><\/strong><\/li>\n\n\n \t\n\n<li><strong>G<\/strong>abriel <strong>G<\/strong>onz\u00e1lez <strong>S<\/strong>erna. <strong>Centro Nacional de Investigaci\u00f3n y Desarrollo Tecnol\u00f3gico, Mexico<\/strong><\/li>\n\n\n \t\n\n<li><strong>F<\/strong>rederick <strong>A<\/strong>yala.\u00a0<strong>E\u00f6tv\u00f6s Lor\u00e1nd (ELTE) University<\/strong><\/li>\n\n\n<\/ul>\n\n\n\n\n\n<hr \/>\n\n\n\n<a href=\"http:\/\/lke.cs.buap.mx\/2017\/wp-content\/uploads\/2015\/08\/bannerLKE2016-1024x134.jpg\"><img loading=\"lazy\" class=\"alignnone size-large wp-image-841\" src=\"http:\/\/lke.cs.buap.mx\/2017\/wp-content\/uploads\/2015\/08\/bannerLKE2016-1024x134-1024x117.jpg\" alt=\"bannerLKE2016-1024x134\" width=\"750\" height=\"86\" srcset=\"https:\/\/lke.buap.mx\/2021\/wp-content\/uploads\/2015\/08\/bannerLKE2016-1024x134-1024x117.jpg 1024w, https:\/\/lke.buap.mx\/2021\/wp-content\/uploads\/2015\/08\/bannerLKE2016-1024x134-300x34.jpg 300w, https:\/\/lke.buap.mx\/2021\/wp-content\/uploads\/2015\/08\/bannerLKE2016-1024x134.jpg 1176w\" sizes=\"(max-width: 750px) 100vw, 750px\" \/><\/a>\n\n--><\/strong><\/p>\n","protected":false},"excerpt":{"rendered":"<p>Organizing Committee David Eduardo Pinto Avenda\u00f1o, Benem\u00e9rita Universidad Aut\u00f3noma de Puebla, Mexico (General Chair) Darnes Vilari\u00f1o Ayala, Benem\u00e9rita Universidad Aut\u00f3noma de Puebla, Mexico\u00a0 (Chair) Grigori Sidorov, CIC-INP(Chair) Mar\u00eda Josefa Somodevilla <a class=\"more-link\" href=\"https:\/\/lke.buap.mx\/2021\/index.php\/committee\/\">Continue Reading &rarr;<\/a><\/p>\n","protected":false},"author":1,"featured_media":0,"parent":0,"menu_order":0,"comment_status":"closed","ping_status":"closed","template":"","meta":[],"_links":{"self":[{"href":"https:\/\/lke.buap.mx\/2021\/index.php\/wp-json\/wp\/v2\/pages\/53"}],"collection":[{"href":"https:\/\/lke.buap.mx\/2021\/index.php\/wp-json\/wp\/v2\/pages"}],"about":[{"href":"https:\/\/lke.buap.mx\/2021\/index.php\/wp-json\/wp\/v2\/types\/page"}],"author":[{"embeddable":true,"href":"https:\/\/lke.buap.mx\/2021\/index.php\/wp-json\/wp\/v2\/users\/1"}],"replies":[{"embeddable":true,"href":"https:\/\/lke.buap.mx\/2021\/index.php\/wp-json\/wp\/v2\/comments?post=53"}],"version-history":[{"count":45,"href":"https:\/\/lke.buap.mx\/2021\/index.php\/wp-json\/wp\/v2\/pages\/53\/revisions"}],"predecessor-version":[{"id":1683,"href":"https:\/\/lke.buap.mx\/2021\/index.php\/wp-json\/wp\/v2\/pages\/53\/revisions\/1683"}],"wp:attachment":[{"href":"https:\/\/lke.buap.mx\/2021\/index.php\/wp-json\/wp\/v2\/media?parent=53"}],"curies":[{"name":"wp","href":"https:\/\/api.w.org\/{rel}","templated":true}]}}