{"id":1549,"date":"2021-10-28T08:45:43","date_gmt":"2021-10-28T14:45:43","guid":{"rendered":"https:\/\/lke.buap.mx\/2021\/?page_id=1549"},"modified":"2021-11-05T14:13:08","modified_gmt":"2021-11-05T20:13:08","slug":"poster-presentations","status":"publish","type":"page","link":"https:\/\/lke.buap.mx\/2021\/index.php\/poster-presentations\/","title":{"rendered":"POSTER Presentations"},"content":{"rendered":"\n<figure class=\"wp-block-table\"><table><tbody><tr><td>Paper ID<\/td><td>Authors, Contribution title<\/td><td>Area<\/td><td>Topics<\/td><\/tr><tr><td>48<\/td><td>Erick Lopez-Ornelas and Roc\u00edo Abascal-Mena.&nbsp;<a href=\"https:\/\/www.youtube.com\/watch?v=KOmVXBmKuSw\" target=\"_blank\" rel=\"noreferrer noopener\">Treemap visualization: a hierarchical method to discover user profiles on Twitter<\/a><\/td><td>Language engineering<\/td><td>User profiling<\/td><\/tr><tr><td>37<\/td><td>Ana Laura Lezama S\u00e1nchez, Mireya Tovar Vidal and Jos\u00e9 Alejandro Reyes Ortiz.&nbsp;<a href=\"https:\/\/www.youtube.com\/watch?v=6QK7TEW0FyI\" target=\"_blank\" rel=\"noreferrer noopener\">A behavior analysis of the impact of semantic relationships on topic discovery<\/a><\/td><td>Language engineering<\/td><td>Topic detection<\/td><\/tr><tr><td>64<\/td><td>Gerardo Mart\u00ednez Guzman, Beatriz Bern\u00e1be Loranca and Carmen Ceron Garnica.&nbsp;<a href=\"https:\/\/youtu.be\/2mwyAL2F1j4\" target=\"_blank\" rel=\"noreferrer noopener\">Application of the LDA model for obtaining topics from the WIKICORPUS corpus<\/a><\/td><td>Language engineering<\/td><td>Topic detection<\/td><\/tr><tr><td>46<\/td><td>Diana Jim\u00e9nez, Omar Ju\u00e1rez Gambino and Hiram Calvo.&nbsp;<a href=\"https:\/\/youtu.be\/fLWlkj8haqE\" target=\"_blank\" rel=\"noreferrer noopener\">Pseudo-labeling improves news identification and categorization with few annotated data<\/a><\/td><td>Language engineering<\/td><td>Text processing, news<\/td><\/tr><tr><td>15<\/td><td>Apurbalal Senapati.&nbsp;<a href=\"https:\/\/youtu.be\/UDgZrk5A2vo\" target=\"_blank\" rel=\"noreferrer noopener\">A fuzzy system for identifying partial reduplication<\/a><\/td><td>Language engineering<\/td><td>Text processing, Bengali language<\/td><\/tr><tr><td>20<\/td><td>Antonio Reyes and Rafael Sald\u00edvar.&nbsp;<a href=\"https:\/\/youtu.be\/9HibApQGnuI\" target=\"_blank\" rel=\"noreferrer noopener\">Linguistic-based approach for recognizing implicit language in hate speech: Exploratory insights<\/a><\/td><td>Language engineering<\/td><td>Text processing<\/td><\/tr><tr><td>60<\/td><td>Daniel Abraham Huerta-Velasco and Hiram Calvo.&nbsp;<a href=\"https:\/\/youtu.be\/EDjImAWnNDA\" target=\"_blank\" rel=\"noreferrer noopener\">Verbal Aggressions Detection in Mexican Tweets<\/a><\/td><td>Language engineering<\/td><td>Text processing<\/td><\/tr><tr><td>96<\/td><td>Julio Jesus Salas Conde, Manuel I. Martin Ortiz and Victor Manuel Carneiro D\u00edaz.&nbsp;<a href=\"https:\/\/youtu.be\/E6M33OjpBfw\" target=\"_blank\" rel=\"noreferrer noopener\">Methodology for Identification and Classifying of Cybercrime on Tor Network through the use of cryptocurrencies based on Web Textual Contents<\/a><\/td><td>Language engineering<\/td><td>Text classification<\/td><\/tr><tr><td>79<\/td><td>Mrinal Kanti Baowaly, George William Kibirige and Bikash Chandra Singh.&nbsp;<a href=\"https:\/\/youtu.be\/K5Ps12TzSEQ\" target=\"_blank\" rel=\"noreferrer noopener\">Co-Comment Network: A novel approach to construct social networks within Reddit<\/a><\/td><td>Language engineering<\/td><td>Social networks<\/td><\/tr><tr><td>93<\/td><td>Arturo P\u00e9rez-Cebreros, Eduardo V\u00e1zquez-Fern\u00e1ndez and Alma Partida-Herrera.&nbsp;<a href=\"https:\/\/www.youtube.com\/watch?v=-6Q3Vl9jh7s\" target=\"_blank\" rel=\"noreferrer noopener\">SVM based Learning System for the Detection of Depression in Social Networks<\/a><\/td><td>Language engineering<\/td><td>Social networks<\/td><\/tr><tr><td>97<\/td><td>Iskander Akhmetov, Alexander Gelbukh and Rustam Mussabayev.&nbsp;<a href=\"https:\/\/youtu.be\/_QpfGjtmKoc\" target=\"_blank\" rel=\"noreferrer noopener\">Topic-Aware Sentiment Analysis of News Articles<\/a><\/td><td>Language engineering<\/td><td>Sentiment analysis<\/td><\/tr><tr><td>18<\/td><td>Maria Beatriz Bern\u00e1be Loranca, Rogelio Gonz\u00e1lez Velazquez, Erika Granillo and Alberto Jos\u00e9 Luis Carrillo Can\u00e1n.&nbsp;<a href=\"https:\/\/youtu.be\/zZtXpCL5eKA\" target=\"_blank\" rel=\"noreferrer noopener\">Sentiment Analysis and Multiple Means Comparison for the 2020 United States Elections<\/a><\/td><td>Language engineering<\/td><td>Sentiment analysis<\/td><\/tr><tr><td>56<\/td><td>Yuridiana Alem\u00e1n, Mar\u00eda Somodevilla-Garcia and Vilari\u00f1o Darnes.&nbsp;<a href=\"https:\/\/youtu.be\/lxTkrEQbLII\" target=\"_blank\" rel=\"noreferrer noopener\">Semi-automatic creation of ontologies from unstructured pedagogical texts to assist in significant learning<\/a><\/td><td>Language engineering<\/td><td>Ontologies<\/td><\/tr><tr><td>5<\/td><td>Masaki Murata and Yuhei Kubo.&nbsp;<a href=\"https:\/\/youtu.be\/8V95jDz8jpI\" target=\"_blank\" rel=\"noreferrer noopener\">Assigning Character Strings to Links to Construct Concept Networks<\/a><\/td><td>Language engineering<\/td><td>Conceptual networks<\/td><\/tr><tr><td>7<\/td><td>Barbara Emma S\u00e1nchez Rinza and Alberto Jaramillo Nu\u00f1ez.&nbsp;<a href=\"https:\/\/drive.google.com\/file\/d\/1t6RAEILzd1bbweKv_Wxkj9YeHxYAy2Gq\/view?usp=sharing\" target=\"_blank\" rel=\"noreferrer noopener\">LSB Algorithm to hide text an audio signal<\/a><\/td><td>Knowledge engineering<\/td><td>Signal processing<\/td><\/tr><tr><td>6<\/td><td>Barbara Emma S\u00e1nchez Rinza and Alberto Jaramillo Nu\u00f1ez.&nbsp;<a href=\"https:\/\/drive.google.com\/file\/d\/1e783Gm5PQ356ZgQsf9F1agzeqP9dU7Sw\/view?usp=sharing\" target=\"_blank\" rel=\"noreferrer noopener\">ENCRYPTING INFORMATION USING AUDIO PHASE REVERSAL<\/a><\/td><td>Knowledge engineering<\/td><td>Signal processing<\/td><\/tr><tr><td>9<\/td><td>David Valle-Cruz, Asdr\u00fabal L\u00f3pez-Chau, Marco Antonio Ramos-Corchado and Vianney Mu\u00f1oz-Jim\u00e9nez.&nbsp;<a href=\"https:\/\/youtu.be\/dtWZWJx0gew\" target=\"_blank\" rel=\"noreferrer noopener\">Emotion-aware Explainable Artificial Intelligence for Personality, Emotion, and Mood Simulation<\/a><\/td><td>Knowledge engineering<\/td><td>Sentiment analysis<\/td><\/tr><tr><td>11<\/td><td>Karina Figueroa, Antonio Camarena-Ibarrola and Luis Valero.&nbsp;<a href=\"https:\/\/youtu.be\/5Iim_5Fj5qw\" target=\"_blank\" rel=\"noreferrer noopener\">Permutation Based Algorithm Improved by Groups for Similarity Searching<\/a><\/td><td>Knowledge engineering<\/td><td>Searching<\/td><\/tr><tr><td>62<\/td><td>Rogelio Gonz\u00e1lez Velazquez, Erika Granillo, Beatriz Bern\u00e1be Loranca and Jairo Powell.&nbsp;<a href=\"https:\/\/youtu.be\/kjOMwKy9a3w\" target=\"_blank\" rel=\"noreferrer noopener\">GRASP for local search for SQAP solutions<\/a><\/td><td>Knowledge engineering<\/td><td>Searching<\/td><\/tr><tr><td>38<\/td><td>Prakash Mondal.\u00a0<a href=\"https:\/\/youtu.be\/q3C92MpGzV4\" target=\"_blank\" rel=\"noreferrer noopener\">Predicate Concepts and their Normal Form<\/a><\/td><td>Knowledge engineering<\/td><td>Reasoning<\/td><\/tr><tr><td>69<\/td><td>Alba Maribel S\u00e1nchez G\u00e1lvez, Ricardo Alvarez Gonz\u00e1lez, Sully S\u00e1nchez G\u00e1lvez and Mario Anzures Garc\u00eda.&nbsp;<a href=\"https:\/\/youtu.be\/iSGYdCcay4I\" target=\"_blank\" rel=\"noreferrer noopener\">Model to predict the result of a soccer match based on the number of goals scored by a single team<\/a><\/td><td>Knowledge engineering<\/td><td>pattern recognition<\/td><\/tr><tr><td>88<\/td><td>Rafael Guzman-Cabrera and Belem Priego-Sanchez.&nbsp;<a href=\"https:\/\/youtu.be\/LGcmcrJ7EKM\" target=\"_blank\" rel=\"noreferrer noopener\">Automatic classification of Images with skin cancer using artificial intelligence<\/a><\/td><td>Knowledge engineering<\/td><td>Machine learning, Medical images, image processing<\/td><\/tr><tr><td>53<\/td><td>Francisco Javier Ruiz Ortega, Alicia Mart\u00cdnez Rebollar, Jos\u00c9 Jasson Flores Prieto and Hugo Estrada Esquivel.&nbsp;<a href=\"https:\/\/www.youtube.com\/watch?v=FuW6pUo1bVY\" target=\"_blank\" rel=\"noreferrer noopener\">Design on a low cost IoT architecture for greenhouses monitoring<\/a><\/td><td>Knowledge engineering<\/td><td>IoT infraestructures<\/td><\/tr><tr><td>31<\/td><td>Blanca Nydia Perez Camacho, Juan Manuel Gonzalez Calleros and Gustavo Rodriguez Gomez.&nbsp;<a href=\"https:\/\/youtu.be\/7ThTg0LEF_M\" target=\"_blank\" rel=\"noreferrer noopener\">Methodology to Develop a Home Energy Management System Architecture<\/a><\/td><td>Knowledge engineering<\/td><td>IoT infraestructures<\/td><\/tr><tr><td>3<\/td><td>Alma-Delia Cuevas-Rasgado, Carlos-Omar Gonz\u00e1lez-Mor\u00e1n, Asdrubal L\u00f3pez-Chau and Ulrich Broeckl.&nbsp;<a href=\"https:\/\/youtu.be\/cROKLzDRd5c}\" target=\"_blank\" rel=\"noreferrer noopener\">Interoperability of Sensors in Buildings for Monitoring to Search of Alive Victims after Earthquakes<\/a><\/td><td>Knowledge engineering<\/td><td>IoT infraestructures<\/td><\/tr><tr><td>70<\/td><td>Md. Rafsun Jany Arman, Md. Monowar Hossain and Md. Sabir Hossain.&nbsp;<a href=\"https:\/\/youtu.be\/8TIKy08Cqks\" target=\"_blank\" rel=\"noreferrer noopener\">Fish classification using saliency detection depending on shape and texture<\/a><\/td><td>Knowledge engineering<\/td><td>Image processing<\/td><\/tr><tr><td>54<\/td><td>Beatriz A. Gonz\u00e1lez-Beltr\u00e1n, Jos\u00e9 A. Reyes-Ortiz and Erick E. Montelongo-Gonz\u00e1lez.&nbsp;<a href=\"https:\/\/youtu.be\/gSGA2E6bP4Y\" target=\"_blank\" rel=\"noreferrer noopener\">Breast, lung and liver cancer classification from structured and unstructured data<\/a><\/td><td>Knowledge engineering<\/td><td>Image processing<\/td><\/tr><tr><td>51<\/td><td>V\u00edctor Ocyel Ch\u00e1vez Guerrero, Humberto P\u00e9rez Espinosa, Mar\u00eda Eugenia Puga Nathal and Ver\u00f3nica Reyes Meza.&nbsp;<a href=\"https:\/\/drive.google.com\/file\/d\/1tA2omGLksGOX3ch72aQgfd_u5aKi8ZvD\/view?usp=sharing\" target=\"_blank\" rel=\"noreferrer noopener\">Classification of Domestic Dogs Emotional Behaviors Using Computer Vision<\/a><\/td><td>Knowledge engineering<\/td><td>Computer vision<\/td><\/tr><tr><td>10<\/td><td>Guillermo De Ita and Pedro Bello.&nbsp;<a href=\"https:\/\/youtu.be\/ZydOQjZC3Kg\" target=\"_blank\" rel=\"noreferrer noopener\">Model checking algorithms for repairing inference between conjunctive forms<\/a><\/td><td>Knowledge engineering<\/td><td>Computational Complexity<\/td><\/tr><tr><td>30<\/td><td>Nelva Nely Almanza-Ortega, Joaqu\u00edn P\u00e9rez-Ortega, Jos\u00e9 Crisp\u00edn Zavala-D\u00edaz and Jos\u00e9 Sol\u00eds-Romero.&nbsp;<a href=\"https:\/\/www.youtube.com\/watch?v=acc1QpgvJss\" target=\"_blank\" rel=\"noreferrer noopener\">Comparative analysis of K-means variants implemented in R<\/a><\/td><td>Knowledge engineering<\/td><td>Classification<\/td><\/tr><tr><td>45<\/td><td>Daniel Marcelo Gonz\u00e1lez Arriaga, Mar\u00eda Aurora Diozcora Vargas Trevi\u00f1o, Josefina Guerrero Garc\u00eda and Jesus L\u00f3pez G\u00f3mez.&nbsp;<a href=\"https:\/\/youtu.be\/LEg7Ajj1ERU\" target=\"_blank\" rel=\"noreferrer noopener\">Development of a platform to generate CNN and multilayer neural networks<\/a><\/td><td>Knowledge engineering<\/td><td>Classification<\/td><\/tr><tr><td>29<\/td><td>Amado Scott Bello-Valle, Alicia Mart\u00ednez-Rebollar, Wendy S\u00e1nchez G\u00f3mez and Hugo Estrada-Esquivel.&nbsp;<a href=\"https:\/\/youtu.be\/JQnQTut83WE\" target=\"_blank\" rel=\"noreferrer noopener\">A predictive model for automatic detection of loneliness and social isolation using machine learning<\/a><\/td><td>Knowledge engineering<\/td><td>Classification<\/td><\/tr><\/tbody><\/table><\/figure>\n","protected":false},"excerpt":{"rendered":"<p>Paper ID Authors, Contribution title Area Topics 48 Erick Lopez-Ornelas and Roc\u00edo Abascal-Mena.&nbsp;Treemap visualization: a hierarchical method to discover user profiles on Twitter Language engineering User profiling 37 Ana Laura <a class=\"more-link\" href=\"https:\/\/lke.buap.mx\/2021\/index.php\/poster-presentations\/\">Continue Reading &rarr;<\/a><\/p>\n","protected":false},"author":1,"featured_media":0,"parent":0,"menu_order":0,"comment_status":"closed","ping_status":"closed","template":"","meta":[],"_links":{"self":[{"href":"https:\/\/lke.buap.mx\/2021\/index.php\/wp-json\/wp\/v2\/pages\/1549"}],"collection":[{"href":"https:\/\/lke.buap.mx\/2021\/index.php\/wp-json\/wp\/v2\/pages"}],"about":[{"href":"https:\/\/lke.buap.mx\/2021\/index.php\/wp-json\/wp\/v2\/types\/page"}],"author":[{"embeddable":true,"href":"https:\/\/lke.buap.mx\/2021\/index.php\/wp-json\/wp\/v2\/users\/1"}],"replies":[{"embeddable":true,"href":"https:\/\/lke.buap.mx\/2021\/index.php\/wp-json\/wp\/v2\/comments?post=1549"}],"version-history":[{"count":16,"href":"https:\/\/lke.buap.mx\/2021\/index.php\/wp-json\/wp\/v2\/pages\/1549\/revisions"}],"predecessor-version":[{"id":1675,"href":"https:\/\/lke.buap.mx\/2021\/index.php\/wp-json\/wp\/v2\/pages\/1549\/revisions\/1675"}],"wp:attachment":[{"href":"https:\/\/lke.buap.mx\/2021\/index.php\/wp-json\/wp\/v2\/media?parent=1549"}],"curies":[{"name":"wp","href":"https:\/\/api.w.org\/{rel}","templated":true}]}}