{"id":1542,"date":"2021-10-28T08:18:15","date_gmt":"2021-10-28T14:18:15","guid":{"rendered":"https:\/\/lke.buap.mx\/2021\/?page_id=1542"},"modified":"2021-11-16T23:08:49","modified_gmt":"2021-11-17T05:08:49","slug":"oral-presentations","status":"publish","type":"page","link":"https:\/\/lke.buap.mx\/2021\/index.php\/oral-presentations\/","title":{"rendered":"ORAL Presentations"},"content":{"rendered":"\n<figure class=\"wp-block-table\"><table><tbody><tr><td><strong>Paper ID<\/strong><\/td><td><strong>Authors, Contribution title<\/strong><\/td><td><strong>Area<\/strong><\/td><td><strong>Topics<\/strong><\/td><\/tr><tr><td>63<\/td><td>Raksha Agarwal and Niladri Chatterjee.&nbsp;<a href=\"https:\/\/youtu.be\/mrcp8bOwMBs\" target=\"_blank\" rel=\"noreferrer noopener\">Query-focused Multi-Document Text Summarization using Fuzzy Inference<\/a><\/td><td>Language engineering<\/td><td>Text summarization<\/td><\/tr><tr><td>55<\/td><td>Melesio Crespo-Sanchez, Iv\u00e1n Lopez-Arevalo, Edwin Aldana-Bobadilla and Alejandro Molina-Villegas.&nbsp;<a href=\"https:\/\/youtu.be\/RDiVDfn9DjI\" target=\"_blank\" rel=\"noreferrer noopener\">A Content Spectral-based Text Representation<\/a><\/td><td>Language engineering<\/td><td>Text representation<\/td><\/tr><tr><td>98<\/td><td>Bilal Tahir and Dr. Amir Mehmood.&nbsp;Anbar: <a href=\"https:\/\/youtu.be\/atgpzr2JCC8\" target=\"_blank\" rel=\"noreferrer noopener\">Collection and Analysis of a Large Scale Urdu Language Twitter Corpus<\/a><\/td><td>Language engineering<\/td><td>Text processing, Urdu language<\/td><\/tr><tr><td>42<\/td><td>Juan-Luis Garc\u00eda-Mendoza, Luis Villase\u00f1or-Pineda, Felipe Orihuela-Espina and L\u00e1zaro Bustio-Mart\u00ednez.&nbsp;<a href=\"https:\/\/youtu.be\/8n5DIeBvqrE\" target=\"_blank\" rel=\"noreferrer noopener\">An Autoencoder-based Representation for Noise Reduction in Distant Supervision of Relation Extraction<\/a><\/td><td>Language engineering<\/td><td>Text processing, Relation extraction<\/td><\/tr><tr><td>80<\/td><td>Belem Priego-Sanchez and Rafael Guzman Cabrera.&nbsp;<a href=\"https:\/\/youtu.be\/sXtx7NZu4YQ\" target=\"_blank\" rel=\"noreferrer noopener\">Polarity Identification of a text given the emotion of it is author<\/a><\/td><td>Language engineering<\/td><td>Text processing, Polarity identification<\/td><\/tr><tr><td>32<\/td><td>Manuel Alejandro Sanchez-Fernandez, Alfonso Medina-Urrea and Juan Manuel Torres-Moreno.&nbsp;<a href=\"https:\/\/youtu.be\/_xsIGmNGBv0\" target=\"_blank\" rel=\"noreferrer noopener\">Latent Semantic Analysis for tagging Activation States and Identifiability in Northwestern Mexican news outlets<\/a><\/td><td>Language engineering<\/td><td>Text processing, news<\/td><\/tr><tr><td>27<\/td><td>Fazlourrahman Balouchzahi, H L Shashirekha and Grigori Sidorov.&nbsp;<a href=\"https:\/\/youtu.be\/JchK_MPBFxw\" target=\"_blank\" rel=\"noreferrer noopener\">Fake News Spreaders Profiling using N-grams of Various Types and SHAP-based Feature Selection<\/a><\/td><td>Language engineering<\/td><td>Text processing, news<\/td><\/tr><tr><td>61<\/td><td>Sergio Damian, Hiram Calvo and Alexander Gelbukh.&nbsp;<a href=\"https:\/\/youtu.be\/o592mAY2f9Q\" target=\"_blank\" rel=\"noreferrer noopener\">Fake News Detection using n-grams for PAN@CLEF Competition<\/a><\/td><td>Language engineering<\/td><td>Text processing, news<\/td><\/tr><tr><td>44<\/td><td>Yevhen Kostiuk, Mykola Lukashchuk, Grigori Sidorov and Alexander Gelbukh.&nbsp;<a href=\"https:\/\/youtu.be\/gnF6UN3cnBw\" target=\"_blank\" rel=\"noreferrer noopener\">Prior Latent Distribution Comparison for theRNN Variational Autoencoder in Low-ResourceLanguage Modeling<\/a><\/td><td>Language engineering<\/td><td>Text processing<\/td><\/tr><tr><td>92<\/td><td>Mirta Fuentes-Ramos, Eddy S\u00e1nchez-DelaCruz, Iv\u00e1n-Vladimir Meza-Ruiz and Cecilia-Irene Loeza-Mej\u00eda.&nbsp;<a href=\"https:\/\/youtu.be\/o1uu6EhkGZc\" target=\"_blank\" rel=\"noreferrer noopener\">Neurodegenerative diseases categorization by applying the automatic model selection and hyperparameter optimization method<\/a><\/td><td>Language engineering<\/td><td>Text processing<\/td><\/tr><tr><td>57<\/td><td>Jianfei Zhang, Wenger Rong, Dali Chen and Zhang Xiong.&nbsp;<a href=\"https:\/\/youtu.be\/irtKrwFEG2Y\" target=\"_blank\" rel=\"noreferrer noopener\">Question Type and Answer Related Keywords Aware Question Generation<\/a><\/td><td>Language engineering<\/td><td>Text processing<\/td><\/tr><tr><td>26<\/td><td>Kushagri Tandon and Niladri Chatterjee.&nbsp;<a href=\"https:\/\/youtu.be\/IYqE3aDsjTU\" target=\"_blank\" rel=\"noreferrer noopener\">Multi-label Text Classification with an Ensemble Feature Space<\/a><\/td><td>Language engineering<\/td><td>Text classification<\/td><\/tr><tr><td>12<\/td><td>Dorian Ruiz Alonso, Claudia Zepeda Cortes, Hilda Castillo Zacatelco and Jos\u00e9 Luis Carballido Carranza.&nbsp;<a href=\"https:\/\/youtu.be\/FdmhAJLYVHM\" target=\"_blank\" rel=\"noreferrer noopener\">Multi-label classification of feedbacks<\/a><\/td><td>Language engineering<\/td><td>Text classification<\/td><\/tr><tr><td>39<\/td><td>Dorian Ruiz Alonso, Claudia Zepeda Cortes, Hilda Castillo Zacatelco and Jose Luis Carballido Carranza.&nbsp;<a href=\"https:\/\/youtu.be\/YCnUL_SgjS8\" target=\"_blank\" rel=\"noreferrer noopener\">Hyperparameter tuning for multi-label classification of feedbacks in online courses<\/a><\/td><td>Language engineering<\/td><td>Text classification<\/td><\/tr><tr><td>52<\/td><td>Aman Bahuguna, Deepak Yadav, Apurbalal Senapati and Baidya Nath Saha.&nbsp;<a href=\"https:\/\/youtu.be\/5gU_6oeVWkM\" target=\"_blank\" rel=\"noreferrer noopener\">A Unified Deep Neuro-Fuzzy Approach for COVID-19 Twitter Sentiment Classification<\/a><\/td><td>Language engineering<\/td><td>Sentiment classification,&nbsp; Twitter<\/td><\/tr><tr><td>36<\/td><td>Jes\u00fas Miguel Garc\u00eda-Gorrostieta, Aurelio Lopez-Lopez, Samuel Gonz\u00e1lez-L\u00f3pez and Adri\u00e1n P. L\u00f3pez-Monroy.&nbsp;<a href=\"https:\/\/youtu.be\/NCR9HkCeE0U\" target=\"_blank\" rel=\"noreferrer noopener\">Improved Argumentative Paragraphs Detection in Academic Theses Supported with Unit Segmentation<\/a><\/td><td>Language engineering<\/td><td>Semantic text processing<\/td><\/tr><tr><td>40<\/td><td>Mar\u00eda Auxilio Medina Nieto, Jorge De la Calleja Mora, Claudia Zepeda Cort\u00e9s and Eduardo L\u00f3pez Dom\u00ednguez.&nbsp;<a href=\"https:\/\/youtu.be\/xsz5sl8u9sw\" target=\"_blank\" rel=\"noreferrer noopener\">Onto4AIR2: an ontology to manage theses from open repositories<\/a><\/td><td>Language engineering<\/td><td>Ontologies<\/td><\/tr><tr><td>84<\/td><td>Sahinur Rahman Laskar, Abdullah Faiz Ur Rahman Khilji, Partha Pakray and Sivaji Bandyopadhyay.&nbsp;<a href=\"https:\/\/www.youtube.com\/watch?v=ZZDgloGAuZA\" target=\"_blank\" rel=\"noreferrer noopener\">Improved Neural Machine Translation for Low-Resource English-Assamese Pair<\/a><\/td><td>Language engineering<\/td><td>Machine translation<\/td><\/tr><tr><td>22<\/td><td>Niladri Chatterjee, Aayush Singha Roy and Nidhika Yadav.&nbsp;<a href=\"https:\/\/www.youtube.com\/watch?v=lGMRQ5s_27M\" target=\"_blank\" rel=\"noreferrer noopener\">Soft Rough Set based Span for Unsupervised Keyword Extraction<\/a><\/td><td>Language engineering<\/td><td>Keyword extraction<\/td><\/tr><tr><td>94<\/td><td>Noman Ashraf, Raza Mustafa, Sabur Butt, Grigori Sidorov and Alexander Gelbukh.&nbsp;<a href=\"https:\/\/youtu.be\/m6MrpCCUHmc\" target=\"_blank\" rel=\"noreferrer noopener\">YouTube Based Religious Hate Speech and Extremism Detection Dataset with Machine Learning Baselines<\/a><\/td><td>Language engineering<\/td><td>Hate speech<\/td><\/tr><tr><td>41<\/td><td>Valery Solovyev and Vladimir Ivanov.&nbsp;<a href=\"https:\/\/www.youtube.com\/watch?v=C2j7v_BjXXI\" target=\"_blank\" rel=\"noreferrer noopener\">Automatic generation of a large dictionary with concreteness\/abstractness ratings based on a small human dictionary<\/a><\/td><td>Language engineering<\/td><td>Dictionaries<\/td><\/tr><tr><td>95<\/td><td>Stephanie V\u00e1zquez-Gonz\u00e1lez, Mar\u00eda Somodevilla-Garcia and Rosalva Loreto-L\u00f3pez.&nbsp;<a href=\"https:\/\/youtu.be\/IbfzgWA3Qbk\" target=\"_blank\" rel=\"noreferrer noopener\">Creating a corpus of historical documents for the emotions identification<\/a><\/td><td>Language engineering<\/td><td>Corpus<\/td><\/tr><tr><td>35<\/td><td>Gerardo Sierra, Tonatiuh Hern\u00e1ndez-Garc\u00eda, Helena G\u00f3mez-Adorno and Gemma Bel-Enguix.&nbsp;<a href=\"https:\/\/youtu.be\/SPdc5i7uVrI\" target=\"_blank\" rel=\"noreferrer noopener\">A Case Study in Authorship Attribution: The Mondrigo<\/a><\/td><td>Language engineering<\/td><td>Authorship attribution<\/td><\/tr><tr><td>17<\/td><td>Carolina Mart\u00edn del Campo Rodr\u00edguez, Grigori Sidorov and Ildar Batyrshin.&nbsp;<a href=\"https:\/\/drive.google.com\/file\/d\/1ObfBS5KCf_01D3TfeumAFk1SP3cHsCeD\/view?usp=sharing\" target=\"_blank\" rel=\"noreferrer noopener\">Unsupervised Authorship Attribution Using Feature Selection and Weighted Cosine Similarity<\/a><\/td><td>Language engineering<\/td><td>Authorship attribution<\/td><\/tr><tr><td>21<\/td><td>Beatriz Bern\u00e1be Loranca, Mirna Huerta, John Cardiff and Jos\u00e9 Eduardo Espinosa Rosales.&nbsp;<a href=\"https:\/\/drive.google.com\/file\/d\/13CJJn8lVdmTW5LI51cRFN5SMrWXQDowp\/view?usp=sharing\" target=\"_blank\" rel=\"noreferrer noopener\">A Statistical evaluation of the oral vaccine S3pvac Papaya against Cysticercosis of Taenia Psiformis<\/a><\/td><td>Knowledge engineering<\/td><td>Statistics<\/td><\/tr><tr><td>43<\/td><td>Alfredo Garc\u00eda Su\u00e1rez, Juan Manuel Gonz\u00e1lez Calleros and Amparo Dora Palomino Merino.&nbsp;<a href=\"https:\/\/youtu.be\/NM1XPk2wZys\" target=\"_blank\" rel=\"noreferrer noopener\">Detection of the level of attention in children with ADHD through brain waves and corporal posture<\/a><\/td><td>Knowledge engineering<\/td><td>Signal processing<\/td><\/tr><tr><td>65<\/td><td>Rafael Guzman-Cabrera, Iv\u00e1n Hern\u00e1ndez-Robles, Xiomara Gonz\u00e1lez Ram\u00edrez and Jos\u00e9 Rafael Guzm\u00e1n Sep\u00falveda.&nbsp;<a href=\"https:\/\/youtu.be\/jUN-IcTeuho\" target=\"_blank\" rel=\"noreferrer noopener\">Improved approach to wave potential estimation using bivariate distributions<\/a><\/td><td>Knowledge engineering<\/td><td>Signal processing<\/td><\/tr><tr><td>75<\/td><td>Alma Eloisa Rodriguez Medina, Saul Dominguez-Isidro and Alberto Ramirez-Martinell.&nbsp;<a href=\"https:\/\/youtu.be\/KIFr8zuBTG4\" target=\"_blank\" rel=\"noreferrer noopener\">A Microlearning Path Recommendation Approach Based on Ant Colony Optimization<\/a><\/td><td>Knowledge engineering<\/td><td>Searching<\/td><\/tr><tr><td>50<\/td><td>Carlos Leopoldo Carre\u00f3n D\u00edaz de Le\u00f3n, Sergio Vergara Limon, Mar\u00eda Aurora Diozcora Vargas Trevi\u00f1o and Juan Manuel Gonz\u00e1lez Calleros.&nbsp;<a href=\"https:\/\/www.youtube.com\/watch?v=r3Q4DmP4_OQ\" target=\"_blank\" rel=\"noreferrer noopener\">A novel methodology of parametric identification for robots based on a CNN<\/a><\/td><td>Knowledge engineering<\/td><td>Robotics, wavelets<\/td><\/tr><tr><td>23<\/td><td>Mariela Morveli-Espinoza, Juan Carlos Nieves and Cesar A. Tacla.&nbsp;<a href=\"https:\/\/www.youtube.com\/watch?v=fAj9W24-Cco\" target=\"_blank\" rel=\"noreferrer noopener\">Handling Temporality in Human Activity Reasoning<\/a><\/td><td>Knowledge engineering<\/td><td>Reasoning<\/td><\/tr><tr><td>2<\/td><td>Taku Utsuki-Alexander, Jorge Rios-Martinez, Francisco Madera-Ramirez and Humberto P\u00e9rez-Espinosa.&nbsp;<a href=\"https:\/\/youtu.be\/tJT_quJzOWs\" target=\"_blank\" rel=\"noreferrer noopener\">Towards an intelligent personal assistant for hearing impaired people<\/a><\/td><td>Knowledge engineering<\/td><td>Personal assistance device<\/td><\/tr><tr><td>49<\/td><td>Claudio Guti\u00e9rrez-Soto, Tatiana Guti\u00e9rrez-Bunster and Guillermo Fuentes.&nbsp;A New and Efficient Algorithm to Look for Periodic Patterns on Spatio-Temporal Databases (<a href=\"https:\/\/www.youtube.com\/watch?v=iUalSXgzBMY\" target=\"_blank\" rel=\"noreferrer noopener\">Part 1<\/a>) (<a href=\"https:\/\/youtu.be\/yW-UI-VbEz4\" target=\"_blank\" rel=\"noreferrer noopener\">Part 2<\/a>)<\/td><td>Knowledge engineering<\/td><td>pattern recognition<\/td><\/tr><tr><td>89<\/td><td>Nahum Rangel, Salvador Godoy-Calderon and Hiram Calvo.&nbsp;<a href=\"https:\/\/www.dropbox.com\/s\/47wnqpsmvkec36b\/LKE89.mp4?dl=1 https:\/\/youtu.be\/8DfARykjbiQ\" target=\"_blank\" rel=\"noreferrer noopener\">Deep Symbolic Processing of Human-Performed Musical Sequences<\/a><\/td><td>Knowledge engineering<\/td><td>Music processing<\/td><\/tr><tr><td>25<\/td><td>Omar Lopez-Rincon, Oleg Starostenko and Alejandro Lopez-Rincon.&nbsp;<a href=\"https:\/\/youtu.be\/JpH_O0Jn9LQ\" target=\"_blank\" rel=\"noreferrer noopener\">Algorithmic Music Generation by Harmony Recombination with Genetic Algorithm<\/a><\/td><td>Knowledge engineering<\/td><td>Music generation<\/td><\/tr><tr><td>67<\/td><td>Rosario Lissiet Romero Coripuna, Delia Irazu Hernandez Farias, Blanca Olivia Murillo Ortiz and Teodoro C\u00f3rdova Fraga.&nbsp;<a href=\"https:\/\/youtu.be\/QhJoAD9PlVs\" target=\"_blank\" rel=\"noreferrer noopener\">Electro-Impedance Mammograms for Automatic Breast Cancer Screening: First Insights on Mexican Patients<\/a><\/td><td>Knowledge engineering<\/td><td>Medical images, image processing<\/td><\/tr><tr><td>8<\/td><td>Daniel Trevino-Sanchez and Vicente Alarcon-Aquino.&nbsp;<a href=\"https:\/\/youtu.be\/4EYbsLCPFF8\" target=\"_blank\" rel=\"noreferrer noopener\">Hybrid Pooling with Wavelets for Convolutional Neural Networks<\/a><\/td><td>Knowledge engineering<\/td><td>Machine learning, Wavelets<\/td><\/tr><tr><td>1<\/td><td>Usman Ahmed, Jerry Chun-Wei Lin and Gautam Srivastava.&nbsp;<a href=\"https:\/\/youtu.be\/IQQ29MiVZbg\" target=\"_blank\" rel=\"noreferrer noopener\">Ensemble-based Deep Meta learning for Medical Image Segmentation<\/a><\/td><td>Knowledge engineering<\/td><td>Machine learning, Medical images, image processing<\/td><\/tr><tr><td>91<\/td><td>Usman Ahmed, Jerry Chun-Wei Lin and Gautam Srivastava.\u00a0<a href=\"https:\/\/youtu.be\/Houb-gdCN20\" target=\"_blank\" rel=\"noreferrer noopener\">Deep Active Reinforcement Learning for Privacy Preserve Data Mining in 5G networks<\/a><\/td><td>Knowledge engineering<\/td><td>Machine learning<\/td><\/tr><tr><td>16<\/td><td>Oscar Herrera and Angeles Belem Priego S\u00e1nchez.&nbsp;<a href=\"https:\/\/youtu.be\/JB78vxPs1lg\" target=\"_blank\" rel=\"noreferrer noopener\">Wavelets as activation functions in Neural Networks<\/a><\/td><td>Knowledge engineering<\/td><td>Machine learning<\/td><\/tr><tr><td>28<\/td><td>Joel Suarez-Cansino, Virgilio Lopez-Morales and Julio-Cesar R\u00e1mos-Fern\u00e1ndez.&nbsp;<a href=\"https:\/\/www.youtube.com\/watch?v=HMiaV3mApDA\" target=\"_blank\" rel=\"noreferrer noopener\">Automatic Generation of Learning Outcomes based on Long Short\u2013Term Memory Artificial Neural Network.<\/a><\/td><td>Knowledge engineering<\/td><td>Machine learning<\/td><\/tr><tr><td>68<\/td><td>Lauro Reyes-Cocoletzi, Ivan Olmos-Pineda and Arturo Olvera-L\u00f3pez.&nbsp;<a href=\"https:\/\/youtu.be\/KrTZ0kHg8As\" target=\"_blank\" rel=\"noreferrer noopener\">Motion Estimation in Vehicular Environments based on Bayesian Dynamic Networks<\/a><\/td><td>Knowledge engineering<\/td><td>image processing, vehicles<\/td><\/tr><tr><td>71<\/td><td>Ana Luisa Ballinas Hern\u00e1ndez, Ivan Olmos Pineda and Jose Arturo Olvera L\u00f3pez.&nbsp;<a href=\"https:\/\/www.youtube.com\/watch?v=OFQeDE4EE5c\" target=\"_blank\" rel=\"noreferrer noopener\">Marked and Unmarked Speed Bump Detection for Autonomous Vehicles using Stereo Vision<\/a><\/td><td>Knowledge engineering<\/td><td>image processing, vehicles<\/td><\/tr><tr><td>58<\/td><td>Edgar E. Sierra Enr\u00edquez, Jos\u00e9 E. Valdez-Rodr\u00edguez, Edgardo Felipe-Riveron and Hiram Calvo.&nbsp;<a href=\"https:\/\/youtu.be\/LHH4P6K75QE\" target=\"_blank\" rel=\"noreferrer noopener\">Classification and Enhancement of Invasive Ductal Carcinoma Samples using Convolutional Neural Networks<\/a><\/td><td>Knowledge engineering<\/td><td>Image processing<\/td><\/tr><tr><td>24<\/td><td>Rafael Gallardo Garc\u00eda, Beatriz Beltran Mart\u00ednez, Carlos Hern\u00e1ndez Gracidas and Darnes Vilari\u00f1o Ayala.&nbsp;<a href=\"https:\/\/youtu.be\/oIOEHuHzhsI\" target=\"_blank\" rel=\"noreferrer noopener\">Searching for Memory-Lighter Architectures for OCR-Augmented Image Captioning<\/a><\/td><td>Knowledge engineering<\/td><td>image captioning<\/td><\/tr><tr><td>81<\/td><td>Marco Antonio Lopez-Medina, Jos\u00e9 Raymunod Marcial-Romero, Guillermo De Ita and Jos\u00e9 Antonio Hern\u00e1ndez-Serv\u00edn.&nbsp;<a href=\"https:\/\/youtu.be\/pn0L8YmtLnc\" target=\"_blank\" rel=\"noreferrer noopener\">A method for counting models on grid Boolean formulas<\/a><\/td><td>Knowledge engineering<\/td><td>Computational Complexity<\/td><\/tr><tr><td>47<\/td><td>Fernando Rebollar Castelan, Rocio Aldeco-Perez and Marco Antonio Ramos Corchado.&nbsp;<a href=\"https:\/\/youtu.be\/jaVCmB7forw\" target=\"_blank\" rel=\"noreferrer noopener\">Modeling a multilayered blockchain framework for digital services that governments can implement<\/a><\/td><td>Knowledge engineering<\/td><td>blockchain<\/td><\/tr><\/tbody><\/table><\/figure>\n\n\n\n<p><\/p>\n","protected":false},"excerpt":{"rendered":"<p>Paper ID Authors, Contribution title Area Topics 63 Raksha Agarwal and Niladri Chatterjee.&nbsp;Query-focused Multi-Document Text Summarization using Fuzzy Inference Language engineering Text summarization 55 Melesio Crespo-Sanchez, Iv\u00e1n Lopez-Arevalo, Edwin Aldana-Bobadilla <a class=\"more-link\" href=\"https:\/\/lke.buap.mx\/2021\/index.php\/oral-presentations\/\">Continue Reading &rarr;<\/a><\/p>\n","protected":false},"author":1,"featured_media":0,"parent":0,"menu_order":0,"comment_status":"closed","ping_status":"closed","template":"","meta":[],"_links":{"self":[{"href":"https:\/\/lke.buap.mx\/2021\/index.php\/wp-json\/wp\/v2\/pages\/1542"}],"collection":[{"href":"https:\/\/lke.buap.mx\/2021\/index.php\/wp-json\/wp\/v2\/pages"}],"about":[{"href":"https:\/\/lke.buap.mx\/2021\/index.php\/wp-json\/wp\/v2\/types\/page"}],"author":[{"embeddable":true,"href":"https:\/\/lke.buap.mx\/2021\/index.php\/wp-json\/wp\/v2\/users\/1"}],"replies":[{"embeddable":true,"href":"https:\/\/lke.buap.mx\/2021\/index.php\/wp-json\/wp\/v2\/comments?post=1542"}],"version-history":[{"count":49,"href":"https:\/\/lke.buap.mx\/2021\/index.php\/wp-json\/wp\/v2\/pages\/1542\/revisions"}],"predecessor-version":[{"id":1689,"href":"https:\/\/lke.buap.mx\/2021\/index.php\/wp-json\/wp\/v2\/pages\/1542\/revisions\/1689"}],"wp:attachment":[{"href":"https:\/\/lke.buap.mx\/2021\/index.php\/wp-json\/wp\/v2\/media?parent=1542"}],"curies":[{"name":"wp","href":"https:\/\/api.w.org\/{rel}","templated":true}]}}